{"id":581,"date":"2025-05-02T22:18:15","date_gmt":"2025-05-02T22:18:15","guid":{"rendered":"https:\/\/mywishhomes.com.br\/?page_id=581"},"modified":"2025-05-02T22:38:36","modified_gmt":"2025-05-02T22:38:36","slug":"atracoes","status":"publish","type":"page","link":"https:\/\/mywishhomes.com.br\/en\/atracoes\/","title":{"rendered":"Atra\u00e7\u00f5es"},"content":{"rendered":"<div class=\"wp-block-cover\"><img loading=\"lazy\" decoding=\"async\" width=\"1024\" height=\"683\" class=\"wp-block-cover__image-background wp-image-602 size-large\" alt=\"\" src=\"http:\/\/mywishhomes.com.br\/wp-content\/uploads\/2025\/05\/atrac-1024x683.png\" data-object-fit=\"cover\" srcset=\"https:\/\/mywishhomes.com.br\/wp-content\/uploads\/2025\/05\/atrac-1024x683.png 1024w, https:\/\/mywishhomes.com.br\/wp-content\/uploads\/2025\/05\/atrac-300x200.png 300w, https:\/\/mywishhomes.com.br\/wp-content\/uploads\/2025\/05\/atrac-768x512.png 768w, https:\/\/mywishhomes.com.br\/wp-content\/uploads\/2025\/05\/atrac-50x33.png 50w, https:\/\/mywishhomes.com.br\/wp-content\/uploads\/2025\/05\/atrac-18x12.png 18w, https:\/\/mywishhomes.com.br\/wp-content\/uploads\/2025\/05\/atrac.png 1536w\" sizes=\"auto, (max-width: 1024px) 100vw, 1024px\" \/><span aria-hidden=\"true\" class=\"wp-block-cover__background has-ast-global-color-8-background-color has-background-dim-40 has-background-dim\"><\/span><div class=\"wp-block-cover__inner-container is-layout-constrained wp-block-cover-is-layout-constrained\">\n<h1 class=\"wp-block-heading has-text-align-center has-ast-global-color-1-color has-text-color has-link-color has-large-font-size wp-elements-c90ad54606aed325bab85694b93c46a4\">Atra\u00e7\u00f5es<\/h1>\n<\/div><\/div>\n\n\n\n<p class=\"has-medium-font-size\" style=\"margin-right:var(--wp--preset--spacing--40);margin-left:var(--wp--preset--spacing--40);padding-right:var(--wp--preset--spacing--60);padding-left:var(--wp--preset--spacing--60)\">Nesta se\u00e7\u00e3o, voc\u00ea vai descobrir os brinquedos, shows e experi\u00eancias que fazem dos parques de Orlando lugares inesquec\u00edveis para todas as idades. De montanhas-russas emocionantes a desfiles encantadores, reunimos aqui tudo o que voc\u00ea precisa saber para aproveitar ao m\u00e1ximo sua visita.<br>Prepare-se para mergulhar no universo m\u00e1gico da Disney, se aventurar nos mundos do Universal Studios, e explorar cada cantinho cheio de emo\u00e7\u00e3o e divers\u00e3o.<br>\u2728 Que a sua jornada comece com um sorriso no rosto e olhos brilhando de expectativa!<\/p>\n\n\n<style>.wp-show-posts-columns#wpsp-607 {margin-left: -2em; }.wp-show-posts-columns#wpsp-607 .wp-show-posts-inner {margin: 0 0 2em 2em; }<\/style><section id=\"wpsp-607\" class=\"wp-show-posts-columns wp-show-posts\" style=\"\"><article class=\"wp-show-posts-single post-1237 post type-post status-publish format-standard has-post-thumbnail hentry category-atracoes wpsp-col-4\" itemtype=\"http:\/\/schema.org\/CreativeWork\" itemscope><div class=\"wp-show-posts-inner\" style=\"\">\t\t<div class=\"wp-show-posts-image  wpsp-image-center\">\n\t\t\t<a href=\"https:\/\/mywishhomes.com.br\/en\/uma-nova-terra-da-magia\/\"  title=\"Uma Nova Terra da Magia\"><img loading=\"lazy\" decoding=\"async\" width=\"1500\" height=\"845\" src=\"https:\/\/mywishhomes.com.br\/wp-content\/uploads\/2025\/05\/Disney-theme-park-Abu-Dhabi-02-050725-ca70e58cf9df4c9ebf6c04195b02ac43.webp\" class=\"attachment-full size-full wp-post-image\" alt=\"\" itemprop=\"image\" srcset=\"https:\/\/mywishhomes.com.br\/wp-content\/uploads\/2025\/05\/Disney-theme-park-Abu-Dhabi-02-050725-ca70e58cf9df4c9ebf6c04195b02ac43.webp 1500w, https:\/\/mywishhomes.com.br\/wp-content\/uploads\/2025\/05\/Disney-theme-park-Abu-Dhabi-02-050725-ca70e58cf9df4c9ebf6c04195b02ac43-300x169.webp 300w, https:\/\/mywishhomes.com.br\/wp-content\/uploads\/2025\/05\/Disney-theme-park-Abu-Dhabi-02-050725-ca70e58cf9df4c9ebf6c04195b02ac43-1024x577.webp 1024w, https:\/\/mywishhomes.com.br\/wp-content\/uploads\/2025\/05\/Disney-theme-park-Abu-Dhabi-02-050725-ca70e58cf9df4c9ebf6c04195b02ac43-768x433.webp 768w, https:\/\/mywishhomes.com.br\/wp-content\/uploads\/2025\/05\/Disney-theme-park-Abu-Dhabi-02-050725-ca70e58cf9df4c9ebf6c04195b02ac43-50x28.webp 50w, https:\/\/mywishhomes.com.br\/wp-content\/uploads\/2025\/05\/Disney-theme-park-Abu-Dhabi-02-050725-ca70e58cf9df4c9ebf6c04195b02ac43-18x10.webp 18w\" sizes=\"auto, (max-width: 1500px) 100vw, 1500px\" \/><\/a>\t\t<\/div>\n\t\t\t\t\t\t\t\t<header class=\"wp-show-posts-entry-header\">\n\t\t\t\t\t\t\t<h2 class=\"wp-show-posts-entry-title\" itemprop=\"headline\"><a href=\"https:\/\/mywishhomes.com.br\/en\/uma-nova-terra-da-magia\/\" rel=\"bookmark\">Uma Nova Terra da Magia<\/a><\/h2>\t\t\t\t\t\t<\/header><!-- .entry-header -->\n\t\t\t\t\t<\/div><!-- wp-show-posts-inner --><\/article><article class=\"wp-show-posts-single post-722 post type-post status-publish format-standard has-post-thumbnail hentry category-atracoes wpsp-col-4\" itemtype=\"http:\/\/schema.org\/CreativeWork\" itemscope><div class=\"wp-show-posts-inner\" style=\"\">\t\t<div class=\"wp-show-posts-image  wpsp-image-center\">\n\t\t\t<a href=\"https:\/\/mywishhomes.com.br\/en\/avatar-flight-of-passage\/\"  title=\"Avatar Flight of Passage\"><img loading=\"lazy\" decoding=\"async\" width=\"1737\" height=\"1303\" src=\"https:\/\/mywishhomes.com.br\/wp-content\/uploads\/2025\/05\/2022-wdw-disneys-animal-kingdom-pandora-floating-mountains-atmos.jpg\" class=\"attachment-full size-full wp-post-image\" alt=\"\" itemprop=\"image\" srcset=\"https:\/\/mywishhomes.com.br\/wp-content\/uploads\/2025\/05\/2022-wdw-disneys-animal-kingdom-pandora-floating-mountains-atmos.jpg 1737w, https:\/\/mywishhomes.com.br\/wp-content\/uploads\/2025\/05\/2022-wdw-disneys-animal-kingdom-pandora-floating-mountains-atmos-300x225.jpg 300w, https:\/\/mywishhomes.com.br\/wp-content\/uploads\/2025\/05\/2022-wdw-disneys-animal-kingdom-pandora-floating-mountains-atmos-1024x768.jpg 1024w, https:\/\/mywishhomes.com.br\/wp-content\/uploads\/2025\/05\/2022-wdw-disneys-animal-kingdom-pandora-floating-mountains-atmos-768x576.jpg 768w, https:\/\/mywishhomes.com.br\/wp-content\/uploads\/2025\/05\/2022-wdw-disneys-animal-kingdom-pandora-floating-mountains-atmos-50x38.jpg 50w, https:\/\/mywishhomes.com.br\/wp-content\/uploads\/2025\/05\/2022-wdw-disneys-animal-kingdom-pandora-floating-mountains-atmos-1600x1200.jpg 1600w, https:\/\/mywishhomes.com.br\/wp-content\/uploads\/2025\/05\/2022-wdw-disneys-animal-kingdom-pandora-floating-mountains-atmos-1536x1152.jpg 1536w, https:\/\/mywishhomes.com.br\/wp-content\/uploads\/2025\/05\/2022-wdw-disneys-animal-kingdom-pandora-floating-mountains-atmos-16x12.jpg 16w\" sizes=\"auto, (max-width: 1737px) 100vw, 1737px\" \/><\/a>\t\t<\/div>\n\t\t\t\t\t\t\t\t<header class=\"wp-show-posts-entry-header\">\n\t\t\t\t\t\t\t<h2 class=\"wp-show-posts-entry-title\" itemprop=\"headline\"><a href=\"https:\/\/mywishhomes.com.br\/en\/avatar-flight-of-passage\/\" rel=\"bookmark\">Avatar Flight of Passage<\/a><\/h2>\t\t\t\t\t\t<\/header><!-- .entry-header -->\n\t\t\t\t\t<\/div><!-- wp-show-posts-inner --><\/article><article class=\"wp-show-posts-single post-706 post type-post status-publish format-standard has-post-thumbnail hentry category-atracoes wpsp-col-4\" itemtype=\"http:\/\/schema.org\/CreativeWork\" itemscope><div class=\"wp-show-posts-inner\" style=\"\">\t\t<div class=\"wp-show-posts-image  wpsp-image-center\">\n\t\t\t<a href=\"https:\/\/mywishhomes.com.br\/en\/guardians-of-the-galaxy-cosmic-rewind\/\"  title=\"Guardians of the Galaxy: Cosmic Rewind\"><img loading=\"lazy\" decoding=\"async\" width=\"1617\" height=\"910\" src=\"https:\/\/mywishhomes.com.br\/wp-content\/uploads\/2025\/05\/Capa.webp\" class=\"attachment-full size-full wp-post-image\" alt=\"\" itemprop=\"image\" srcset=\"https:\/\/mywishhomes.com.br\/wp-content\/uploads\/2025\/05\/Capa.webp 1617w, https:\/\/mywishhomes.com.br\/wp-content\/uploads\/2025\/05\/Capa-300x169.webp 300w, https:\/\/mywishhomes.com.br\/wp-content\/uploads\/2025\/05\/Capa-1024x576.webp 1024w, https:\/\/mywishhomes.com.br\/wp-content\/uploads\/2025\/05\/Capa-768x432.webp 768w, https:\/\/mywishhomes.com.br\/wp-content\/uploads\/2025\/05\/Capa-50x28.webp 50w, https:\/\/mywishhomes.com.br\/wp-content\/uploads\/2025\/05\/Capa-1600x900.webp 1600w, https:\/\/mywishhomes.com.br\/wp-content\/uploads\/2025\/05\/Capa-1536x864.webp 1536w, https:\/\/mywishhomes.com.br\/wp-content\/uploads\/2025\/05\/Capa-18x10.webp 18w\" sizes=\"auto, (max-width: 1617px) 100vw, 1617px\" \/><\/a>\t\t<\/div>\n\t\t\t\t\t\t\t\t<header class=\"wp-show-posts-entry-header\">\n\t\t\t\t\t\t\t<h2 class=\"wp-show-posts-entry-title\" itemprop=\"headline\"><a href=\"https:\/\/mywishhomes.com.br\/en\/guardians-of-the-galaxy-cosmic-rewind\/\" rel=\"bookmark\">Guardians of the Galaxy: Cosmic Rewind<\/a><\/h2>\t\t\t\t\t\t<\/header><!-- .entry-header -->\n\t\t\t\t\t<\/div><!-- wp-show-posts-inner --><\/article><article class=\"wp-show-posts-single post-652 post type-post status-publish format-standard has-post-thumbnail hentry category-atracoes wpsp-col-4\" itemtype=\"http:\/\/schema.org\/CreativeWork\" itemscope><div class=\"wp-show-posts-inner\" style=\"\">\t\t<div class=\"wp-show-posts-image  wpsp-image-center\">\n\t\t\t<a href=\"https:\/\/mywishhomes.com.br\/en\/tron-lightcycle-run\/\"  title=\"TRON Lightcycle \/ Run\"><img loading=\"lazy\" decoding=\"async\" width=\"275\" height=\"183\" src=\"https:\/\/mywishhomes.com.br\/wp-content\/uploads\/2025\/05\/Untitled3.jpg\" class=\"attachment-full size-full wp-post-image\" alt=\"\" itemprop=\"image\" srcset=\"https:\/\/mywishhomes.com.br\/wp-content\/uploads\/2025\/05\/Untitled3.jpg 275w, https:\/\/mywishhomes.com.br\/wp-content\/uploads\/2025\/05\/Untitled3-50x33.jpg 50w, https:\/\/mywishhomes.com.br\/wp-content\/uploads\/2025\/05\/Untitled3-18x12.jpg 18w\" sizes=\"auto, (max-width: 275px) 100vw, 275px\" \/><\/a>\t\t<\/div>\n\t\t\t\t\t\t\t\t<header class=\"wp-show-posts-entry-header\">\n\t\t\t\t\t\t\t<h2 class=\"wp-show-posts-entry-title\" itemprop=\"headline\"><a href=\"https:\/\/mywishhomes.com.br\/en\/tron-lightcycle-run\/\" rel=\"bookmark\">TRON Lightcycle \/ Run<\/a><\/h2>\t\t\t\t\t\t<\/header><!-- .entry-header -->\n\t\t\t\t\t<\/div><!-- wp-show-posts-inner --><\/article><div class=\"wpsp-clear\"><\/div><\/section><!-- .wp-show-posts -->","protected":false},"excerpt":{"rendered":"<p>Nesta se\u00e7\u00e3o, voc\u00ea vai descobrir os brinquedos, shows e experi\u00eancias que fazem dos parques de Orlando lugares inesquec\u00edveis para todas [&hellip;]<\/p>\n","protected":false},"author":1,"featured_media":564,"parent":0,"menu_order":0,"comment_status":"closed","ping_status":"closed","template":"","meta":{"site-sidebar-layout":"default","site-content-layout":"","ast-site-content-layout":"","site-content-style":"default","site-sidebar-style":"default","ast-global-header-display":"","ast-banner-title-visibility":"","ast-main-header-display":"","ast-hfb-above-header-display":"","ast-hfb-below-header-display":"","ast-hfb-mobile-header-display":"","site-post-title":"","ast-breadcrumbs-content":"","ast-featured-img":"disabled","footer-sml-layout":"","ast-disable-related-posts":"","theme-transparent-header-meta":"","adv-header-id-meta":"","stick-header-meta":"","header-above-stick-meta":"","header-main-stick-meta":"","header-below-stick-meta":"","astra-migrate-meta-layouts":"default","ast-page-background-enabled":"default","ast-page-background-meta":{"desktop":{"background-color":"var(--ast-global-color-5)","background-image":"","background-repeat":"repeat","background-position":"center center","background-size":"auto","background-attachment":"scroll","background-type":"","background-media":"","overlay-type":"","overlay-color":"","overlay-opacity":"","overlay-gradient":""},"tablet":{"background-color":"","background-image":"","background-repeat":"repeat","background-position":"center center","background-size":"auto","background-attachment":"scroll","background-type":"","background-media":"","overlay-type":"","overlay-color":"","overlay-opacity":"","overlay-gradient":""},"mobile":{"background-color":"","background-image":"","background-repeat":"repeat","background-position":"center center","background-size":"auto","background-attachment":"scroll","background-type":"","background-media":"","overlay-type":"","overlay-color":"","overlay-opacity":"","overlay-gradient":""}},"ast-content-background-meta":{"desktop":{"background-color":"var(--ast-global-color-4)","background-image":"","background-repeat":"repeat","background-position":"center center","background-size":"auto","background-attachment":"scroll","background-type":"","background-media":"","overlay-type":"","overlay-color":"","overlay-opacity":"","overlay-gradient":""},"tablet":{"background-color":"var(--ast-global-color-4)","background-image":"","background-repeat":"repeat","background-position":"center center","background-size":"auto","background-attachment":"scroll","background-type":"","background-media":"","overlay-type":"","overlay-color":"","overlay-opacity":"","overlay-gradient":""},"mobile":{"background-color":"var(--ast-global-color-4)","background-image":"","background-repeat":"repeat","background-position":"center center","background-size":"auto","background-attachment":"scroll","background-type":"","background-media":"","overlay-type":"","overlay-color":"","overlay-opacity":"","overlay-gradient":""}},"footnotes":""},"class_list":["post-581","page","type-page","status-publish","has-post-thumbnail","hentry"],"aioseo_notices":[],"_links":{"self":[{"href":"https:\/\/mywishhomes.com.br\/en\/wp-json\/wp\/v2\/pages\/581","targetHints":{"allow":["GET"]}}],"collection":[{"href":"https:\/\/mywishhomes.com.br\/en\/wp-json\/wp\/v2\/pages"}],"about":[{"href":"https:\/\/mywishhomes.com.br\/en\/wp-json\/wp\/v2\/types\/page"}],"author":[{"embeddable":true,"href":"https:\/\/mywishhomes.com.br\/en\/wp-json\/wp\/v2\/users\/1"}],"replies":[{"embeddable":true,"href":"https:\/\/mywishhomes.com.br\/en\/wp-json\/wp\/v2\/comments?post=581"}],"version-history":[{"count":7,"href":"https:\/\/mywishhomes.com.br\/en\/wp-json\/wp\/v2\/pages\/581\/revisions"}],"predecessor-version":[{"id":617,"href":"https:\/\/mywishhomes.com.br\/en\/wp-json\/wp\/v2\/pages\/581\/revisions\/617"}],"wp:featuredmedia":[{"embeddable":true,"href":"https:\/\/mywishhomes.com.br\/en\/wp-json\/wp\/v2\/media\/564"}],"wp:attachment":[{"href":"https:\/\/mywishhomes.com.br\/en\/wp-json\/wp\/v2\/media?parent=581"}],"curies":[{"name":"wp","href":"https:\/\/api.w.org\/{rel}","templated":true}]}}