{"id":577,"date":"2025-05-02T22:18:32","date_gmt":"2025-05-02T22:18:32","guid":{"rendered":"https:\/\/mywishhomes.com.br\/?page_id=577"},"modified":"2025-05-02T22:39:38","modified_gmt":"2025-05-02T22:39:38","slug":"historia","status":"publish","type":"page","link":"https:\/\/mywishhomes.com.br\/en\/historia\/","title":{"rendered":"Hist\u00f3ria"},"content":{"rendered":"<div class=\"wp-block-cover\"><img loading=\"lazy\" decoding=\"async\" width=\"1024\" height=\"1024\" class=\"wp-block-cover__image-background wp-image-603 size-full\" alt=\"\" src=\"http:\/\/mywishhomes.com.br\/wp-content\/uploads\/2025\/05\/his.png\" data-object-fit=\"cover\" srcset=\"https:\/\/mywishhomes.com.br\/wp-content\/uploads\/2025\/05\/his.png 1024w, https:\/\/mywishhomes.com.br\/wp-content\/uploads\/2025\/05\/his-300x300.png 300w, https:\/\/mywishhomes.com.br\/wp-content\/uploads\/2025\/05\/his-150x150.png 150w, https:\/\/mywishhomes.com.br\/wp-content\/uploads\/2025\/05\/his-768x768.png 768w, https:\/\/mywishhomes.com.br\/wp-content\/uploads\/2025\/05\/his-50x50.png 50w, https:\/\/mywishhomes.com.br\/wp-content\/uploads\/2025\/05\/his-12x12.png 12w\" sizes=\"auto, (max-width: 1024px) 100vw, 1024px\" \/><span aria-hidden=\"true\" class=\"wp-block-cover__background has-ast-global-color-8-background-color has-background-dim-40 has-background-dim\"><\/span><div class=\"wp-block-cover__inner-container is-layout-constrained wp-block-cover-is-layout-constrained\">\n<h1 class=\"wp-block-heading has-text-align-center has-ast-global-color-1-color has-text-color has-link-color has-large-font-size wp-elements-9be6582d019d6fff8209ae8f2e2c45ae\">Hist\u00f3ria<\/h1>\n<\/div><\/div>\n\n\n\n<p class=\"has-medium-font-size\" style=\"margin-right:var(--wp--preset--spacing--40);margin-left:var(--wp--preset--spacing--40);padding-right:var(--wp--preset--spacing--60);padding-left:var(--wp--preset--spacing--60)\"><strong>Todo sonho tem um come\u00e7o \u2014 e aqui, contamos cada detalhe.<\/strong><br>Nesta se\u00e7\u00e3o, voc\u00ea vai conhecer as hist\u00f3rias fascinantes por tr\u00e1s da cria\u00e7\u00e3o dos parques tem\u00e1ticos mais ic\u00f4nicos do mundo. Descubra como nasceu a ideia da Disney, os bastidores da Universal, curiosidades da SeaWorld e os segredos das atra\u00e7\u00f5es que marcaram gera\u00e7\u00f5es.<br>Tamb\u00e9m mostramos o que est\u00e1 por vir: novos projetos, expans\u00f5es e o futuro da magia em constru\u00e7\u00e3o.<br>\ud83e\udde1 Para os apaixonados por bastidores, arquitetura tem\u00e1tica e curiosidades incr\u00edveis, este \u00e9 o seu lugar.<\/p>\n\n\n<style>.wp-show-posts-columns#wpsp-609 {margin-left: -2em; }.wp-show-posts-columns#wpsp-609 .wp-show-posts-inner {margin: 0 0 2em 2em; }<\/style><section id=\"wpsp-609\" class=\"wp-show-posts-columns wp-show-posts\" style=\"\"><article class=\"wp-show-posts-single post-1195 post type-post status-publish format-standard has-post-thumbnail hentry category-historia tag-animalkingdoom tag-disney tag-ilha tag-santuario tag-selvagem wpsp-col-4\" itemtype=\"http:\/\/schema.org\/CreativeWork\" itemscope><div class=\"wp-show-posts-inner\" style=\"\">\t\t<div class=\"wp-show-posts-image  wpsp-image-center\">\n\t\t\t<a href=\"https:\/\/mywishhomes.com.br\/en\/da-ilha-esquecida-ao-reino-selvagem\/\"  title=\"Da Ilha Esquecida ao Reino Selvagem\"><img loading=\"lazy\" decoding=\"async\" width=\"700\" height=\"525\" src=\"https:\/\/mywishhomes.com.br\/wp-content\/uploads\/2025\/05\/2022-wdw-disneys-animal-kingdom-discovery-island-rundisney-princess-marathon-weekend-crowds-atmos-700x525-1.jpg\" class=\"attachment-full size-full wp-post-image\" alt=\"\" itemprop=\"image\" srcset=\"https:\/\/mywishhomes.com.br\/wp-content\/uploads\/2025\/05\/2022-wdw-disneys-animal-kingdom-discovery-island-rundisney-princess-marathon-weekend-crowds-atmos-700x525-1.jpg 700w, https:\/\/mywishhomes.com.br\/wp-content\/uploads\/2025\/05\/2022-wdw-disneys-animal-kingdom-discovery-island-rundisney-princess-marathon-weekend-crowds-atmos-700x525-1-300x225.jpg 300w, https:\/\/mywishhomes.com.br\/wp-content\/uploads\/2025\/05\/2022-wdw-disneys-animal-kingdom-discovery-island-rundisney-princess-marathon-weekend-crowds-atmos-700x525-1-50x38.jpg 50w, https:\/\/mywishhomes.com.br\/wp-content\/uploads\/2025\/05\/2022-wdw-disneys-animal-kingdom-discovery-island-rundisney-princess-marathon-weekend-crowds-atmos-700x525-1-16x12.jpg 16w\" sizes=\"auto, (max-width: 700px) 100vw, 700px\" \/><\/a>\t\t<\/div>\n\t\t\t\t\t\t\t\t<header class=\"wp-show-posts-entry-header\">\n\t\t\t\t\t\t\t<h2 class=\"wp-show-posts-entry-title\" itemprop=\"headline\"><a href=\"https:\/\/mywishhomes.com.br\/en\/da-ilha-esquecida-ao-reino-selvagem\/\" rel=\"bookmark\">Da Ilha Esquecida ao Reino Selvagem<\/a><\/h2>\t\t\t\t\t\t<\/header><!-- .entry-header -->\n\t\t\t\t\t<\/div><!-- wp-show-posts-inner --><\/article><article class=\"wp-show-posts-single post-1169 post type-post status-publish format-standard has-post-thumbnail hentry category-historia wpsp-col-4\" itemtype=\"http:\/\/schema.org\/CreativeWork\" itemscope><div class=\"wp-show-posts-inner\" style=\"\">\t\t<div class=\"wp-show-posts-image  wpsp-image-center\">\n\t\t\t<a href=\"https:\/\/mywishhomes.com.br\/en\/1169-2\/\"  title=\"O Primeiro Parque Aqu\u00e1tico da Disney\"><img loading=\"lazy\" decoding=\"async\" width=\"760\" height=\"507\" src=\"https:\/\/mywishhomes.com.br\/wp-content\/uploads\/2025\/05\/River-Country-foto-aerea-1.jpg\" class=\"attachment-full size-full wp-post-image\" alt=\"\" itemprop=\"image\" srcset=\"https:\/\/mywishhomes.com.br\/wp-content\/uploads\/2025\/05\/River-Country-foto-aerea-1.jpg 760w, https:\/\/mywishhomes.com.br\/wp-content\/uploads\/2025\/05\/River-Country-foto-aerea-1-300x200.jpg 300w, https:\/\/mywishhomes.com.br\/wp-content\/uploads\/2025\/05\/River-Country-foto-aerea-1-50x33.jpg 50w, https:\/\/mywishhomes.com.br\/wp-content\/uploads\/2025\/05\/River-Country-foto-aerea-1-18x12.jpg 18w\" sizes=\"auto, (max-width: 760px) 100vw, 760px\" \/><\/a>\t\t<\/div>\n\t\t\t\t\t\t\t\t<header class=\"wp-show-posts-entry-header\">\n\t\t\t\t\t\t\t<h2 class=\"wp-show-posts-entry-title\" itemprop=\"headline\"><a href=\"https:\/\/mywishhomes.com.br\/en\/1169-2\/\" rel=\"bookmark\">O Primeiro Parque Aqu\u00e1tico da Disney<\/a><\/h2>\t\t\t\t\t\t<\/header><!-- .entry-header -->\n\t\t\t\t\t<\/div><!-- wp-show-posts-inner --><\/article><article class=\"wp-show-posts-single post-1155 post type-post status-publish format-standard has-post-thumbnail hentry category-historia wpsp-col-4\" itemtype=\"http:\/\/schema.org\/CreativeWork\" itemscope><div class=\"wp-show-posts-inner\" style=\"\">\t\t<div class=\"wp-show-posts-image  wpsp-image-center\">\n\t\t\t<a href=\"https:\/\/mywishhomes.com.br\/en\/a-montanha-que-levou-a-magia-da-disney-para-o-espaco\/\"  title=\"A Montanha que Levou a Magia da Disney para o Espa\u00e7o\"><img loading=\"lazy\" decoding=\"async\" width=\"700\" height=\"525\" src=\"https:\/\/mywishhomes.com.br\/wp-content\/uploads\/2025\/05\/52375883eab8eae73e8ca726.webp\" class=\"attachment-full size-full wp-post-image\" alt=\"\" itemprop=\"image\" srcset=\"https:\/\/mywishhomes.com.br\/wp-content\/uploads\/2025\/05\/52375883eab8eae73e8ca726.webp 700w, https:\/\/mywishhomes.com.br\/wp-content\/uploads\/2025\/05\/52375883eab8eae73e8ca726-300x225.webp 300w, https:\/\/mywishhomes.com.br\/wp-content\/uploads\/2025\/05\/52375883eab8eae73e8ca726-50x38.webp 50w, https:\/\/mywishhomes.com.br\/wp-content\/uploads\/2025\/05\/52375883eab8eae73e8ca726-16x12.webp 16w\" sizes=\"auto, (max-width: 700px) 100vw, 700px\" \/><\/a>\t\t<\/div>\n\t\t\t\t\t\t\t\t<header class=\"wp-show-posts-entry-header\">\n\t\t\t\t\t\t\t<h2 class=\"wp-show-posts-entry-title\" itemprop=\"headline\"><a href=\"https:\/\/mywishhomes.com.br\/en\/a-montanha-que-levou-a-magia-da-disney-para-o-espaco\/\" rel=\"bookmark\">A Montanha que Levou a Magia da Disney para o Espa\u00e7o<\/a><\/h2>\t\t\t\t\t\t<\/header><!-- .entry-header -->\n\t\t\t\t\t<\/div><!-- wp-show-posts-inner --><\/article><article class=\"wp-show-posts-single post-1138 post type-post status-publish format-standard has-post-thumbnail hentry category-historia wpsp-col-4\" itemtype=\"http:\/\/schema.org\/CreativeWork\" itemscope><div class=\"wp-show-posts-inner\" style=\"\">\t\t<div class=\"wp-show-posts-image  wpsp-image-center\">\n\t\t\t<a href=\"https:\/\/mywishhomes.com.br\/en\/skyway-x-skyliner-do-ceu-da-nostalgia-a-inovacao-nas-alturas\/\"  title=\"Skyway x Skyliner: Do C\u00e9u da Nostalgia \u00e0 Inova\u00e7\u00e3o nas Alturas\"><img loading=\"lazy\" decoding=\"async\" width=\"1500\" height=\"1125\" src=\"https:\/\/mywishhomes.com.br\/wp-content\/uploads\/2025\/05\/Livingbydisney_Disney_World_Skyliner039.jpg\" class=\"attachment-full size-full wp-post-image\" alt=\"\" itemprop=\"image\" srcset=\"https:\/\/mywishhomes.com.br\/wp-content\/uploads\/2025\/05\/Livingbydisney_Disney_World_Skyliner039.jpg 1500w, https:\/\/mywishhomes.com.br\/wp-content\/uploads\/2025\/05\/Livingbydisney_Disney_World_Skyliner039-300x225.jpg 300w, https:\/\/mywishhomes.com.br\/wp-content\/uploads\/2025\/05\/Livingbydisney_Disney_World_Skyliner039-1024x768.jpg 1024w, https:\/\/mywishhomes.com.br\/wp-content\/uploads\/2025\/05\/Livingbydisney_Disney_World_Skyliner039-768x576.jpg 768w, https:\/\/mywishhomes.com.br\/wp-content\/uploads\/2025\/05\/Livingbydisney_Disney_World_Skyliner039-50x38.jpg 50w, https:\/\/mywishhomes.com.br\/wp-content\/uploads\/2025\/05\/Livingbydisney_Disney_World_Skyliner039-16x12.jpg 16w\" sizes=\"auto, (max-width: 1500px) 100vw, 1500px\" \/><\/a>\t\t<\/div>\n\t\t\t\t\t\t\t\t<header class=\"wp-show-posts-entry-header\">\n\t\t\t\t\t\t\t<h2 class=\"wp-show-posts-entry-title\" itemprop=\"headline\"><a href=\"https:\/\/mywishhomes.com.br\/en\/skyway-x-skyliner-do-ceu-da-nostalgia-a-inovacao-nas-alturas\/\" rel=\"bookmark\">Skyway x Skyliner: Do C\u00e9u da Nostalgia \u00e0 Inova\u00e7\u00e3o nas Alturas<\/a><\/h2>\t\t\t\t\t\t<\/header><!-- .entry-header -->\n\t\t\t\t\t<\/div><!-- wp-show-posts-inner --><\/article><div class=\"wpsp-clear\"><\/div><\/section><!-- .wp-show-posts -->","protected":false},"excerpt":{"rendered":"<p>Todo sonho tem um come\u00e7o \u2014 e aqui, contamos cada detalhe.Nesta se\u00e7\u00e3o, voc\u00ea vai conhecer as hist\u00f3rias fascinantes por tr\u00e1s [&hellip;]<\/p>\n","protected":false},"author":1,"featured_media":564,"parent":0,"menu_order":0,"comment_status":"closed","ping_status":"closed","template":"","meta":{"site-sidebar-layout":"default","site-content-layout":"","ast-site-content-layout":"","site-content-style":"default","site-sidebar-style":"default","ast-global-header-display":"","ast-banner-title-visibility":"","ast-main-header-display":"","ast-hfb-above-header-display":"","ast-hfb-below-header-display":"","ast-hfb-mobile-header-display":"","site-post-title":"","ast-breadcrumbs-content":"","ast-featured-img":"disabled","footer-sml-layout":"","ast-disable-related-posts":"","theme-transparent-header-meta":"","adv-header-id-meta":"","stick-header-meta":"","header-above-stick-meta":"","header-main-stick-meta":"","header-below-stick-meta":"","astra-migrate-meta-layouts":"default","ast-page-background-enabled":"default","ast-page-background-meta":{"desktop":{"background-color":"var(--ast-global-color-5)","background-image":"","background-repeat":"repeat","background-position":"center center","background-size":"auto","background-attachment":"scroll","background-type":"","background-media":"","overlay-type":"","overlay-color":"","overlay-opacity":"","overlay-gradient":""},"tablet":{"background-color":"","background-image":"","background-repeat":"repeat","background-position":"center center","background-size":"auto","background-attachment":"scroll","background-type":"","background-media":"","overlay-type":"","overlay-color":"","overlay-opacity":"","overlay-gradient":""},"mobile":{"background-color":"","background-image":"","background-repeat":"repeat","background-position":"center center","background-size":"auto","background-attachment":"scroll","background-type":"","background-media":"","overlay-type":"","overlay-color":"","overlay-opacity":"","overlay-gradient":""}},"ast-content-background-meta":{"desktop":{"background-color":"var(--ast-global-color-4)","background-image":"","background-repeat":"repeat","background-position":"center center","background-size":"auto","background-attachment":"scroll","background-type":"","background-media":"","overlay-type":"","overlay-color":"","overlay-opacity":"","overlay-gradient":""},"tablet":{"background-color":"var(--ast-global-color-4)","background-image":"","background-repeat":"repeat","background-position":"center center","background-size":"auto","background-attachment":"scroll","background-type":"","background-media":"","overlay-type":"","overlay-color":"","overlay-opacity":"","overlay-gradient":""},"mobile":{"background-color":"var(--ast-global-color-4)","background-image":"","background-repeat":"repeat","background-position":"center center","background-size":"auto","background-attachment":"scroll","background-type":"","background-media":"","overlay-type":"","overlay-color":"","overlay-opacity":"","overlay-gradient":""}},"footnotes":""},"class_list":["post-577","page","type-page","status-publish","has-post-thumbnail","hentry"],"aioseo_notices":[],"_links":{"self":[{"href":"https:\/\/mywishhomes.com.br\/en\/wp-json\/wp\/v2\/pages\/577","targetHints":{"allow":["GET"]}}],"collection":[{"href":"https:\/\/mywishhomes.com.br\/en\/wp-json\/wp\/v2\/pages"}],"about":[{"href":"https:\/\/mywishhomes.com.br\/en\/wp-json\/wp\/v2\/types\/page"}],"author":[{"embeddable":true,"href":"https:\/\/mywishhomes.com.br\/en\/wp-json\/wp\/v2\/users\/1"}],"replies":[{"embeddable":true,"href":"https:\/\/mywishhomes.com.br\/en\/wp-json\/wp\/v2\/comments?post=577"}],"version-history":[{"count":6,"href":"https:\/\/mywishhomes.com.br\/en\/wp-json\/wp\/v2\/pages\/577\/revisions"}],"predecessor-version":[{"id":618,"href":"https:\/\/mywishhomes.com.br\/en\/wp-json\/wp\/v2\/pages\/577\/revisions\/618"}],"wp:featuredmedia":[{"embeddable":true,"href":"https:\/\/mywishhomes.com.br\/en\/wp-json\/wp\/v2\/media\/564"}],"wp:attachment":[{"href":"https:\/\/mywishhomes.com.br\/en\/wp-json\/wp\/v2\/media?parent=577"}],"curies":[{"name":"wp","href":"https:\/\/api.w.org\/{rel}","templated":true}]}}